{"id":638,"date":"2024-02-17T15:38:15","date_gmt":"2024-02-17T12:38:15","guid":{"rendered":"https:\/\/bursaerkekkuafor.com.tr\/?page_id=638"},"modified":"2024-02-24T15:08:26","modified_gmt":"2024-02-24T12:08:26","slug":"blog","status":"publish","type":"page","link":"https:\/\/erdalkara.com.tr\/index.php\/blog\/","title":{"rendered":"Blog"},"content":{"rendered":"\t\t<div data-elementor-type=\"wp-page\" data-elementor-id=\"638\" class=\"elementor elementor-638\">\n\t\t\t\t\t\t\t<div class=\"elementor-element elementor-element-2c033b1 e-flex e-con-boxed e-con e-parent\" data-id=\"2c033b1\" data-element_type=\"container\" data-settings=\"{&quot;content_width&quot;:&quot;boxed&quot;}\" data-core-v316-plus=\"true\">\n\t\t\t\t\t<div class=\"e-con-inner\">\n\t\t\t\t<div class=\"elementor-element elementor-element-25534c8 exad-sticky-section-no exad-glass-effect-no elementor-widget elementor-widget-exad-filterable-post\" data-id=\"25534c8\" data-element_type=\"widget\" data-widget_type=\"exad-filterable-post.default\">\n\t\t\t\t<div class=\"elementor-widget-container\">\n\t\t\t\r\n\t\t<div class=\"exad-filterable-items exad-filterable-menu-container-align-top\" id =\"exad-filterable-filterable-id-25534c8\">\r\n\t\t\t\t\t\t<div class=\"exad-filterable-menu-container\">\r\n\t\t\t\t\t\r\n\t\t<ul class=\"exad-filterable-menu\"  >\r\n\t\t\t<li class=\"filter-item current\"  data-filter=\"*\">\r\n\t\t\t\tHepsi\t\t\t<\/li>\r\n\t\t\t\t\t\t\t\t<li class=\"filter-item\" data-filter=\".cocuk-bebek-trasi\">\r\n\t\t\t\t\t\t\u00c7ocuk\/Bebek Tra\u015f\u0131\t\t\t\t\t<\/li>\r\n\t\t\t\t\t\t\t\t\t<li class=\"filter-item\" data-filter=\".damat-trasi\">\r\n\t\t\t\t\t\tDamat Tra\u015f\u0131\t\t\t\t\t<\/li>\r\n\t\t\t\t\t\t\t\t\t<li class=\"filter-item\" data-filter=\".genel\">\r\n\t\t\t\t\t\tGenel\t\t\t\t\t<\/li>\r\n\t\t\t\t\t\t\t\t\t<li class=\"filter-item\" data-filter=\".sac\">\r\n\t\t\t\t\t\tSa\u00e7\t\t\t\t\t<\/li>\r\n\t\t\t\t\t\t\t\t\t<li class=\"filter-item\" data-filter=\".sakal\">\r\n\t\t\t\t\t\tSakal\t\t\t\t\t<\/li>\r\n\t\t\t\t\t\t\r\n\t\t<\/ul>\r\n\t\r\n    \t\t\t<\/div>\r\n\t\t\t\t\t\t<div class=\"exad-filterable-controls\">\r\n\t\t\t\t<div class=\"filterable-post-container exad-row-wrapper exad-col-3\" id=\"filters-25534c8\">\r\n\t\t\t\t\t\n<article class=\"exad-post-grid-three exad-col  exad-filterable-item damat-trasi\">\n    <div class=\"exad-post-grid-container image-position-top exad-post-grid-equal-height- \">\n                    <figure class=\"exad-post-grid-thumbnail\">\n                <a href=\"https:\/\/erdalkara.com.tr\/index.php\/2024\/02\/17\/damat-trasi\/\" >\n                    <img fetchpriority=\"high\" decoding=\"async\" width=\"465\" height=\"467\" src=\"https:\/\/erdalkara.com.tr\/wp-content\/uploads\/2024\/02\/Ekran-goruntusu-2023-12-09-125648.png\" class=\"attachment-medium_large size-medium_large wp-post-image\" alt=\"\" srcset=\"https:\/\/erdalkara.com.tr\/wp-content\/uploads\/2024\/02\/Ekran-goruntusu-2023-12-09-125648.png 465w, https:\/\/erdalkara.com.tr\/wp-content\/uploads\/2024\/02\/Ekran-goruntusu-2023-12-09-125648-300x300.png 300w, https:\/\/erdalkara.com.tr\/wp-content\/uploads\/2024\/02\/Ekran-goruntusu-2023-12-09-125648-150x150.png 150w\" sizes=\"(max-width: 465px) 100vw, 465px\" \/>                <\/a>\n                \n                            <\/figure>\n        \n        <div class=\"exad-post-grid-body\">\n                                <ul class=\"exad-post-data show-avatar-no\">\n                                                                            <li class=\"exad-post-date\">\n                                <span>\n                                                                        <a href=\"https:\/\/erdalkara.com.tr\/index.php\/2024\/02\/17\/damat-trasi\/\" class=\"exad-post-grid-author-date\">17 \u015eubat 2024<\/a>\n                                <\/span>                          \n                            <\/li> \n                           \n                    <\/ul>\n                \t\t\t\t\n\t\t\t\t\t\t\t\n                    <h3>\n\t\t\t\t\t\n\t\t\t\t\t\t\t\n                        <a href=\"https:\/\/erdalkara.com.tr\/index.php\/2024\/02\/17\/damat-trasi\/\"  class=\"exad-post-grid-title\">Damat Tra\u015f\u0131<\/a>\n\t\t\t\t\n\t\t\t\t\t\t\t\t\t\n                    <\/h3>\n\t\t\t\t\t\n\t\t\t\t\t\t\t\t\n                \n        <\/div>\n            <\/div>\n<\/article>\n<article class=\"exad-post-grid-three exad-col  exad-filterable-item cocuk-bebek-trasi\">\n    <div class=\"exad-post-grid-container image-position-top exad-post-grid-equal-height- \">\n                    <figure class=\"exad-post-grid-thumbnail\">\n                <a href=\"https:\/\/erdalkara.com.tr\/index.php\/2024\/02\/17\/cocuk-trasi-ile-ilgili-bilinmesi-gerekenler\/\" >\n                    <img decoding=\"async\" width=\"768\" height=\"768\" src=\"https:\/\/erdalkara.com.tr\/wp-content\/uploads\/2024\/02\/bebek-cocuk-sac-kesimi-768x768.png\" class=\"attachment-medium_large size-medium_large wp-post-image\" alt=\"\" srcset=\"https:\/\/erdalkara.com.tr\/wp-content\/uploads\/2024\/02\/bebek-cocuk-sac-kesimi-768x768.png 768w, https:\/\/erdalkara.com.tr\/wp-content\/uploads\/2024\/02\/bebek-cocuk-sac-kesimi-300x300.png 300w, https:\/\/erdalkara.com.tr\/wp-content\/uploads\/2024\/02\/bebek-cocuk-sac-kesimi-150x150.png 150w, https:\/\/erdalkara.com.tr\/wp-content\/uploads\/2024\/02\/elementor\/thumbs\/bebek-cocuk-sac-kesimi-qjw98fylnv6p3iubage21kef23hqe67u41i9gxhf9k.png 500w, https:\/\/erdalkara.com.tr\/wp-content\/uploads\/2024\/02\/bebek-cocuk-sac-kesimi.png 846w\" sizes=\"(max-width: 768px) 100vw, 768px\" \/>                <\/a>\n                \n                            <\/figure>\n        \n        <div class=\"exad-post-grid-body\">\n                                <ul class=\"exad-post-data show-avatar-no\">\n                                                                            <li class=\"exad-post-date\">\n                                <span>\n                                                                        <a href=\"https:\/\/erdalkara.com.tr\/index.php\/2024\/02\/17\/cocuk-trasi-ile-ilgili-bilinmesi-gerekenler\/\" class=\"exad-post-grid-author-date\">17 \u015eubat 2024<\/a>\n                                <\/span>                          \n                            <\/li> \n                           \n                    <\/ul>\n                \t\t\t\t\n\t\t\t\t\t\t\t\n                    <h3>\n\t\t\t\t\t\n\t\t\t\t\t\t\t\n                        <a href=\"https:\/\/erdalkara.com.tr\/index.php\/2024\/02\/17\/cocuk-trasi-ile-ilgili-bilinmesi-gerekenler\/\"  class=\"exad-post-grid-title\">\u00c7ocuk Tra\u015f\u0131 ile \u0130lgili Bilinmesi Gerekenler<\/a>\n\t\t\t\t\n\t\t\t\t\t\t\t\t\t\n                    <\/h3>\n\t\t\t\t\t\n\t\t\t\t\t\t\t\t\n                \n        <\/div>\n            <\/div>\n<\/article>\n<article class=\"exad-post-grid-three exad-col  exad-filterable-item sac\">\n    <div class=\"exad-post-grid-container image-position-top exad-post-grid-equal-height- \">\n                    <figure class=\"exad-post-grid-thumbnail\">\n                <a href=\"https:\/\/erdalkara.com.tr\/index.php\/2024\/02\/17\/perma-nedir-nasil-uygulanir\/\" >\n                    <img decoding=\"async\" width=\"476\" height=\"533\" src=\"https:\/\/erdalkara.com.tr\/wp-content\/uploads\/2024\/02\/perma_sac_modeli.jpg\" class=\"attachment-medium_large size-medium_large wp-post-image\" alt=\"\" srcset=\"https:\/\/erdalkara.com.tr\/wp-content\/uploads\/2024\/02\/perma_sac_modeli.jpg 476w, https:\/\/erdalkara.com.tr\/wp-content\/uploads\/2024\/02\/perma_sac_modeli-268x300.jpg 268w\" sizes=\"(max-width: 476px) 100vw, 476px\" \/>                <\/a>\n                \n                            <\/figure>\n        \n        <div class=\"exad-post-grid-body\">\n                                <ul class=\"exad-post-data show-avatar-no\">\n                                                                            <li class=\"exad-post-date\">\n                                <span>\n                                                                        <a href=\"https:\/\/erdalkara.com.tr\/index.php\/2024\/02\/17\/perma-nedir-nasil-uygulanir\/\" class=\"exad-post-grid-author-date\">17 \u015eubat 2024<\/a>\n                                <\/span>                          \n                            <\/li> \n                           \n                    <\/ul>\n                \t\t\t\t\n\t\t\t\t\t\t\t\n                    <h3>\n\t\t\t\t\t\n\t\t\t\t\t\t\t\n                        <a href=\"https:\/\/erdalkara.com.tr\/index.php\/2024\/02\/17\/perma-nedir-nasil-uygulanir\/\"  class=\"exad-post-grid-title\">Perma Nedir? Nas\u0131l Uygulan\u0131r?<\/a>\n\t\t\t\t\n\t\t\t\t\t\t\t\t\t\n                    <\/h3>\n\t\t\t\t\t\n\t\t\t\t\t\t\t\t\n                \n        <\/div>\n            <\/div>\n<\/article>\n<article class=\"exad-post-grid-three exad-col  exad-filterable-item sakal\">\n    <div class=\"exad-post-grid-container image-position-top exad-post-grid-equal-height- \">\n                    <figure class=\"exad-post-grid-thumbnail\">\n                <a href=\"https:\/\/erdalkara.com.tr\/index.php\/2024\/02\/17\/sakal-bakimi-nasil-yapilmali\/\" >\n                    <img loading=\"lazy\" decoding=\"async\" width=\"757\" height=\"555\" src=\"https:\/\/erdalkara.com.tr\/wp-content\/uploads\/2024\/02\/Ekran-goruntusu-2023-12-09-160705.png\" class=\"attachment-medium_large size-medium_large wp-post-image\" alt=\"\" srcset=\"https:\/\/erdalkara.com.tr\/wp-content\/uploads\/2024\/02\/Ekran-goruntusu-2023-12-09-160705.png 757w, https:\/\/erdalkara.com.tr\/wp-content\/uploads\/2024\/02\/Ekran-goruntusu-2023-12-09-160705-300x220.png 300w\" sizes=\"(max-width: 757px) 100vw, 757px\" \/>                <\/a>\n                \n                            <\/figure>\n        \n        <div class=\"exad-post-grid-body\">\n                                <ul class=\"exad-post-data show-avatar-no\">\n                                                                            <li class=\"exad-post-date\">\n                                <span>\n                                                                        <a href=\"https:\/\/erdalkara.com.tr\/index.php\/2024\/02\/17\/sakal-bakimi-nasil-yapilmali\/\" class=\"exad-post-grid-author-date\">17 \u015eubat 2024<\/a>\n                                <\/span>                          \n                            <\/li> \n                           \n                    <\/ul>\n                \t\t\t\t\n\t\t\t\t\t\t\t\n                    <h3>\n\t\t\t\t\t\n\t\t\t\t\t\t\t\n                        <a href=\"https:\/\/erdalkara.com.tr\/index.php\/2024\/02\/17\/sakal-bakimi-nasil-yapilmali\/\"  class=\"exad-post-grid-title\">Sakal bak\u0131m\u0131 nas\u0131l yap\u0131lmal\u0131?<\/a>\n\t\t\t\t\n\t\t\t\t\t\t\t\t\t\n                    <\/h3>\n\t\t\t\t\t\n\t\t\t\t\t\t\t\t\n                \n        <\/div>\n            <\/div>\n<\/article>\n<article class=\"exad-post-grid-three exad-col  exad-filterable-item genel\">\n    <div class=\"exad-post-grid-container image-position-top exad-post-grid-equal-height- \">\n                    <figure class=\"exad-post-grid-thumbnail\">\n                <a href=\"https:\/\/erdalkara.com.tr\/index.php\/2024\/02\/17\/sac-ve-cilt-bakimi-ile-ilgili-bilmeniz-gereken-temel-bilgiler\/\" >\n                    <img loading=\"lazy\" decoding=\"async\" width=\"660\" height=\"451\" src=\"https:\/\/erdalkara.com.tr\/wp-content\/uploads\/2024\/02\/Ekran-goruntusu-2023-12-09-160334.png\" class=\"attachment-medium_large size-medium_large wp-post-image\" alt=\"\" srcset=\"https:\/\/erdalkara.com.tr\/wp-content\/uploads\/2024\/02\/Ekran-goruntusu-2023-12-09-160334.png 660w, https:\/\/erdalkara.com.tr\/wp-content\/uploads\/2024\/02\/Ekran-goruntusu-2023-12-09-160334-300x205.png 300w\" sizes=\"(max-width: 660px) 100vw, 660px\" \/>                <\/a>\n                \n                            <\/figure>\n        \n        <div class=\"exad-post-grid-body\">\n                                <ul class=\"exad-post-data show-avatar-no\">\n                                                                            <li class=\"exad-post-date\">\n                                <span>\n                                                                        <a href=\"https:\/\/erdalkara.com.tr\/index.php\/2024\/02\/17\/sac-ve-cilt-bakimi-ile-ilgili-bilmeniz-gereken-temel-bilgiler\/\" class=\"exad-post-grid-author-date\">17 \u015eubat 2024<\/a>\n                                <\/span>                          \n                            <\/li> \n                           \n                    <\/ul>\n                \t\t\t\t\n\t\t\t\t\t\t\t\n                    <h3>\n\t\t\t\t\t\n\t\t\t\t\t\t\t\n                        <a href=\"https:\/\/erdalkara.com.tr\/index.php\/2024\/02\/17\/sac-ve-cilt-bakimi-ile-ilgili-bilmeniz-gereken-temel-bilgiler\/\"  class=\"exad-post-grid-title\">Sa\u00e7 ve Cilt Bak\u0131m\u0131 ile \u0130lgili Bilmeniz Gereken Temel Bilgiler<\/a>\n\t\t\t\t\n\t\t\t\t\t\t\t\t\t\n                    <\/h3>\n\t\t\t\t\t\n\t\t\t\t\t\t\t\t\n                \n        <\/div>\n            <\/div>\n<\/article>\n<article class=\"exad-post-grid-three exad-col  exad-filterable-item genel\">\n    <div class=\"exad-post-grid-container image-position-top exad-post-grid-equal-height- \">\n                    <figure class=\"exad-post-grid-thumbnail\">\n                <a href=\"https:\/\/erdalkara.com.tr\/index.php\/2024\/02\/17\/anatomik-sac-kesimi-nedir-nasil-uygulanir\/\" >\n                    <img loading=\"lazy\" decoding=\"async\" width=\"768\" height=\"569\" src=\"https:\/\/erdalkara.com.tr\/wp-content\/uploads\/2024\/02\/Ekran-goruntusu-2023-12-09-160555-768x569.png\" class=\"attachment-medium_large size-medium_large wp-post-image\" alt=\"\" srcset=\"https:\/\/erdalkara.com.tr\/wp-content\/uploads\/2024\/02\/Ekran-goruntusu-2023-12-09-160555-768x569.png 768w, https:\/\/erdalkara.com.tr\/wp-content\/uploads\/2024\/02\/Ekran-goruntusu-2023-12-09-160555-300x222.png 300w, https:\/\/erdalkara.com.tr\/wp-content\/uploads\/2024\/02\/Ekran-goruntusu-2023-12-09-160555.png 837w\" sizes=\"(max-width: 768px) 100vw, 768px\" \/>                <\/a>\n                \n                            <\/figure>\n        \n        <div class=\"exad-post-grid-body\">\n                                <ul class=\"exad-post-data show-avatar-no\">\n                                                                            <li class=\"exad-post-date\">\n                                <span>\n                                                                        <a href=\"https:\/\/erdalkara.com.tr\/index.php\/2024\/02\/17\/anatomik-sac-kesimi-nedir-nasil-uygulanir\/\" class=\"exad-post-grid-author-date\">17 \u015eubat 2024<\/a>\n                                <\/span>                          \n                            <\/li> \n                           \n                    <\/ul>\n                \t\t\t\t\n\t\t\t\t\t\t\t\n                    <h3>\n\t\t\t\t\t\n\t\t\t\t\t\t\t\n                        <a href=\"https:\/\/erdalkara.com.tr\/index.php\/2024\/02\/17\/anatomik-sac-kesimi-nedir-nasil-uygulanir\/\"  class=\"exad-post-grid-title\">Anatomik Sa\u00e7 Kesimi Nedir? Nas\u0131l Uygulan\u0131r?<\/a>\n\t\t\t\t\n\t\t\t\t\t\t\t\t\t\n                    <\/h3>\n\t\t\t\t\t\n\t\t\t\t\t\t\t\t\n                \n        <\/div>\n            <\/div>\n<\/article>\t\t\t\t<\/div>\r\n\t\t\t<\/div>\r\n\t\t<\/div>\r\n    \t\t\t<\/div>\n\t\t\t\t<\/div>\n\t\t\t\t\t<\/div>\n\t\t\t\t<\/div>\n\t\t\t\t\t\t\t<\/div>\n\t\t","protected":false},"excerpt":{"rendered":"<p>Hepsi \u00c7ocuk\/Bebek Tra\u015f\u0131 Damat Tra\u015f\u0131 Genel Sa\u00e7 Sakal 17 \u015eubat 2024 Damat Tra\u015f\u0131 17 \u015eubat 2024 \u00c7ocuk Tra\u015f\u0131 ile \u0130lgili Bilinmesi Gerekenler 17 \u015eubat 2024 Perma Nedir? Nas\u0131l Uygulan\u0131r? 17 \u015eubat 2024 Sakal bak\u0131m\u0131 nas\u0131l yap\u0131lmal\u0131? 17 \u015eubat 2024 Sa\u00e7 ve Cilt Bak\u0131m\u0131 ile \u0130lgili Bilmeniz Gereken Temel Bilgiler 17 \u015eubat 2024 Anatomik Sa\u00e7 Kesimi&hellip;&nbsp;<a href=\"https:\/\/erdalkara.com.tr\/index.php\/2024\/02\/17\/anatomik-sac-kesimi-nedir-nasil-uygulanir\/\" class=\"\" rel=\"bookmark\">Daha fazlas\u0131n\u0131 oku &raquo;<span class=\"screen-reader-text\">Anatomik Sa\u00e7 Kesimi Nedir? Nas\u0131l Uygulan\u0131r?<\/span><\/a><\/p>\n","protected":false},"author":1,"featured_media":577,"parent":0,"menu_order":0,"comment_status":"closed","ping_status":"closed","template":"page-templates\/template-pagebuilder-full-width.php","meta":{"_eb_attr":"","neve_meta_sidebar":"","neve_meta_container":"","neve_meta_enable_content_width":"","neve_meta_content_width":0,"neve_meta_title_alignment":"","neve_meta_author_avatar":"","neve_post_elements_order":"","neve_meta_disable_header":"","neve_meta_disable_footer":"","neve_meta_disable_title":"","_themeisle_gutenberg_block_has_review":false,"_ti_tpc_template_sync":false,"_ti_tpc_template_id":"","footnotes":"","_joinchat":[]},"_links":{"self":[{"href":"https:\/\/erdalkara.com.tr\/index.php\/wp-json\/wp\/v2\/pages\/638"}],"collection":[{"href":"https:\/\/erdalkara.com.tr\/index.php\/wp-json\/wp\/v2\/pages"}],"about":[{"href":"https:\/\/erdalkara.com.tr\/index.php\/wp-json\/wp\/v2\/types\/page"}],"author":[{"embeddable":true,"href":"https:\/\/erdalkara.com.tr\/index.php\/wp-json\/wp\/v2\/users\/1"}],"replies":[{"embeddable":true,"href":"https:\/\/erdalkara.com.tr\/index.php\/wp-json\/wp\/v2\/comments?post=638"}],"version-history":[{"count":28,"href":"https:\/\/erdalkara.com.tr\/index.php\/wp-json\/wp\/v2\/pages\/638\/revisions"}],"predecessor-version":[{"id":791,"href":"https:\/\/erdalkara.com.tr\/index.php\/wp-json\/wp\/v2\/pages\/638\/revisions\/791"}],"wp:featuredmedia":[{"embeddable":true,"href":"https:\/\/erdalkara.com.tr\/index.php\/wp-json\/wp\/v2\/media\/577"}],"wp:attachment":[{"href":"https:\/\/erdalkara.com.tr\/index.php\/wp-json\/wp\/v2\/media?parent=638"}],"curies":[{"name":"wp","href":"https:\/\/api.w.org\/{rel}","templated":true}]}}