{"id":683,"date":"2024-02-17T17:00:44","date_gmt":"2024-02-17T14:00:44","guid":{"rendered":"https:\/\/bursaerkekkuafor.com.tr\/?page_id=683"},"modified":"2024-02-17T17:00:45","modified_gmt":"2024-02-17T14:00:45","slug":"hakkimizda","status":"publish","type":"page","link":"https:\/\/erdalkara.com.tr\/index.php\/hakkimizda\/","title":{"rendered":"Hakk\u0131m\u0131zda"},"content":{"rendered":"\n<p><\/p>\n\n\n\n<p>Erdal Kara Hair Design, Bursa&#8217;da bulunan bir erkek sa\u00e7 tasar\u0131m ve bak\u0131m salonudur. Salonumuz, alan\u0131nda uzman ve deneyimli kadrosuyla, m\u00fc\u015fterilerine en kaliteli hizmeti sunmay\u0131 hedeflemektedir.<\/p>\n\n\n\n<p>Erdal Kara Hair Design&#8217;da, sa\u00e7 kesimi, sakal kesimi, f\u00f6n, cilt bak\u0131m\u0131, ka\u015f tasar\u0131m\u0131 ve a\u011fda gibi pek \u00e7ok hizmet bulunmaktad\u0131r. Salonumuzda en kaliteli \u00fcr\u00fcnleri kullanmaktay\u0131z.<\/p>\n\n\n\n<p>Erdal Kara Hair Design, m\u00fc\u015fteri memnuniyetini \u00f6n planda tutmaktad\u0131r. Salonumuza gelen her m\u00fc\u015fteri, g\u00fcler y\u00fczl\u00fc ve profesyonel hizmet anlay\u0131\u015f\u0131yla kar\u015f\u0131lanmaktad\u0131r.<\/p>\n\n\n\n<p>Erdal Kara Hair Design, Bursa&#8217;n\u0131n en iyi erkek sa\u00e7 tasar\u0131m ve bak\u0131m salonlar\u0131ndan biridir. Salonumuza gelerek, kendinizi yenilenmi\u015f ve bak\u0131ml\u0131 hissedeceksiniz.<\/p>\n","protected":false},"excerpt":{"rendered":"<p>Erdal Kara Hair Design, Bursa&#8217;da bulunan bir erkek sa\u00e7 tasar\u0131m ve bak\u0131m salonudur. Salonumuz, alan\u0131nda uzman ve deneyimli kadrosuyla, m\u00fc\u015fterilerine en kaliteli hizmeti sunmay\u0131 hedeflemektedir. Erdal Kara Hair Design&#8217;da, sa\u00e7 kesimi, sakal kesimi, f\u00f6n, cilt bak\u0131m\u0131, ka\u015f tasar\u0131m\u0131 ve a\u011fda gibi pek \u00e7ok hizmet bulunmaktad\u0131r. Salonumuzda en kaliteli \u00fcr\u00fcnleri kullanmaktay\u0131z. Erdal Kara Hair Design, m\u00fc\u015fteri&hellip;&nbsp;<a href=\"https:\/\/erdalkara.com.tr\/index.php\/hakkimizda\/\" class=\"\" rel=\"bookmark\">Daha fazlas\u0131n\u0131 oku &raquo;<span class=\"screen-reader-text\">Hakk\u0131m\u0131zda<\/span><\/a><\/p>\n","protected":false},"author":1,"featured_media":578,"parent":0,"menu_order":0,"comment_status":"closed","ping_status":"closed","template":"","meta":{"_eb_attr":"","neve_meta_sidebar":"","neve_meta_container":"","neve_meta_enable_content_width":"","neve_meta_content_width":0,"neve_meta_title_alignment":"","neve_meta_author_avatar":"","neve_post_elements_order":"","neve_meta_disable_header":"","neve_meta_disable_footer":"","neve_meta_disable_title":"","_themeisle_gutenberg_block_has_review":false,"_ti_tpc_template_sync":false,"_ti_tpc_template_id":"","footnotes":"","_joinchat":[]},"_links":{"self":[{"href":"https:\/\/erdalkara.com.tr\/index.php\/wp-json\/wp\/v2\/pages\/683"}],"collection":[{"href":"https:\/\/erdalkara.com.tr\/index.php\/wp-json\/wp\/v2\/pages"}],"about":[{"href":"https:\/\/erdalkara.com.tr\/index.php\/wp-json\/wp\/v2\/types\/page"}],"author":[{"embeddable":true,"href":"https:\/\/erdalkara.com.tr\/index.php\/wp-json\/wp\/v2\/users\/1"}],"replies":[{"embeddable":true,"href":"https:\/\/erdalkara.com.tr\/index.php\/wp-json\/wp\/v2\/comments?post=683"}],"version-history":[{"count":1,"href":"https:\/\/erdalkara.com.tr\/index.php\/wp-json\/wp\/v2\/pages\/683\/revisions"}],"predecessor-version":[{"id":684,"href":"https:\/\/erdalkara.com.tr\/index.php\/wp-json\/wp\/v2\/pages\/683\/revisions\/684"}],"wp:featuredmedia":[{"embeddable":true,"href":"https:\/\/erdalkara.com.tr\/index.php\/wp-json\/wp\/v2\/media\/578"}],"wp:attachment":[{"href":"https:\/\/erdalkara.com.tr\/index.php\/wp-json\/wp\/v2\/media?parent=683"}],"curies":[{"name":"wp","href":"https:\/\/api.w.org\/{rel}","templated":true}]}}