{"id":826,"date":"2024-03-01T17:34:53","date_gmt":"2024-03-01T14:34:53","guid":{"rendered":"https:\/\/bursaerkekkuafor.com.tr\/?page_id=826"},"modified":"2024-03-01T18:16:58","modified_gmt":"2024-03-01T15:16:58","slug":"bebek-sac-kesim-hizmetleri","status":"publish","type":"page","link":"https:\/\/erdalkara.com.tr\/index.php\/bebek-sac-kesim-hizmetleri\/","title":{"rendered":"Bebek Sa\u00e7 Kesim Hizmetleri"},"content":{"rendered":"\t\t<div data-elementor-type=\"wp-page\" data-elementor-id=\"826\" class=\"elementor elementor-826\">\n\t\t\t\t\t\t\t<div class=\"elementor-element elementor-element-fcc41f3 e-flex e-con-boxed e-con e-parent\" data-id=\"fcc41f3\" data-element_type=\"container\" data-settings=\"{&quot;content_width&quot;:&quot;boxed&quot;}\" data-core-v316-plus=\"true\">\n\t\t\t\t\t<div class=\"e-con-inner\">\n\t\t<div class=\"elementor-element elementor-element-3bcb522 e-con-full e-flex e-con e-child\" data-id=\"3bcb522\" data-element_type=\"container\" data-settings=\"{&quot;content_width&quot;:&quot;full&quot;}\">\n\t\t\t\t<div class=\"elementor-element elementor-element-459bb3c exad-sticky-section-no exad-glass-effect-no elementor-widget elementor-widget-image\" data-id=\"459bb3c\" data-element_type=\"widget\" data-widget_type=\"image.default\">\n\t\t\t\t<div class=\"elementor-widget-container\">\n\t\t\t<style>\/*! elementor - v3.18.0 - 20-12-2023 *\/\n.elementor-widget-image{text-align:center}.elementor-widget-image a{display:inline-block}.elementor-widget-image a img[src$=\".svg\"]{width:48px}.elementor-widget-image img{vertical-align:middle;display:inline-block}<\/style>\t\t\t\t\t\t\t\t\t\t\t\t<img decoding=\"async\" src=\"https:\/\/erdalkara.com.tr\/wp-content\/uploads\/elementor\/thumbs\/bebek-cocuk-sac-kesimi-qjw98fylnv6p3iubage21kef23hqe67u41i9gxhf9k.png\" title=\"bebek cocuk sac kesimi\" alt=\"bebek cocuk sac kesimi\" loading=\"lazy\" \/>\t\t\t\t\t\t\t\t\t\t\t\t\t\t\t<\/div>\n\t\t\t\t<\/div>\n\t\t\t\t<\/div>\n\t\t<div class=\"elementor-element elementor-element-c77e300 e-con-full e-flex e-con e-child\" data-id=\"c77e300\" data-element_type=\"container\" data-settings=\"{&quot;content_width&quot;:&quot;full&quot;}\">\n\t\t<div class=\"elementor-element elementor-element-e6c0de3 e-flex e-con-boxed e-con e-child\" data-id=\"e6c0de3\" data-element_type=\"container\" data-settings=\"{&quot;content_width&quot;:&quot;boxed&quot;}\">\n\t\t\t\t\t<div class=\"e-con-inner\">\n\t\t\t\t<div class=\"elementor-element elementor-element-b29f5d1 exad-sticky-section-no exad-glass-effect-no elementor-invisible elementor-widget elementor-widget-text-editor\" data-id=\"b29f5d1\" data-element_type=\"widget\" data-settings=\"{&quot;_animation&quot;:&quot;fadeInDown&quot;}\" data-widget_type=\"text-editor.default\">\n\t\t\t\t<div class=\"elementor-widget-container\">\n\t\t\t<style>\/*! elementor - v3.18.0 - 20-12-2023 *\/\n.elementor-widget-text-editor.elementor-drop-cap-view-stacked .elementor-drop-cap{background-color:#69727d;color:#fff}.elementor-widget-text-editor.elementor-drop-cap-view-framed .elementor-drop-cap{color:#69727d;border:3px solid;background-color:transparent}.elementor-widget-text-editor:not(.elementor-drop-cap-view-default) .elementor-drop-cap{margin-top:8px}.elementor-widget-text-editor:not(.elementor-drop-cap-view-default) .elementor-drop-cap-letter{width:1em;height:1em}.elementor-widget-text-editor .elementor-drop-cap{float:left;text-align:center;line-height:1;font-size:50px}.elementor-widget-text-editor .elementor-drop-cap-letter{display:inline-block}<\/style>\t\t\t\t<p><span style=\"color: #ffffff;\">0-5 Ya\u015f Bebek Tra\u015f\u0131<\/span><br style=\"color: #ffffff;\" \/><span style=\"color: #ffffff;\">\u00c7ocuk Tra\u015f\u0131<\/span><br style=\"color: #ffffff;\" \/><span style=\"color: #ffffff;\">En hassas tra\u015flardan bebek ve \u00e7ocuk sa\u00e7 kesimlerinde bebe\u011fe ve \u00e7ocu\u011fa yakla\u015f\u0131m \u00e7ok \u00f6nemlidir. Psikolojik ve duygusal olmayan bir bebe\u011fe do\u011frudan tra\u015fa ge\u00e7mek ileriye y\u00f6nelik bebekte travmalara yol a\u00e7abilir. Bu y\u00fczden profesyonel bir yakla\u015f\u0131m \u00e7ok \u00f6nemli olmaktad\u0131r. Erdal Kara Hair Design olarak bu hassasiyetle konuya yakla\u015f\u0131yoruz.\u00a0<\/span><\/p>\t\t\t\t\t\t<\/div>\n\t\t\t\t<\/div>\n\t\t\t\t\t<\/div>\n\t\t\t\t<\/div>\n\t\t<div class=\"elementor-element elementor-element-dceed0f e-flex e-con-boxed e-con e-child\" data-id=\"dceed0f\" data-element_type=\"container\" data-settings=\"{&quot;content_width&quot;:&quot;boxed&quot;}\">\n\t\t\t\t\t<div class=\"e-con-inner\">\n\t\t\t\t<div class=\"elementor-element elementor-element-0fc3201 content-align-cta-center exad-sticky-section-no exad-glass-effect-no elementor-invisible elementor-widget elementor-widget-eael-cta-box\" data-id=\"0fc3201\" data-element_type=\"widget\" data-settings=\"{&quot;_animation&quot;:&quot;fadeInLeft&quot;}\" data-widget_type=\"eael-cta-box.default\">\n\t\t\t\t<div class=\"elementor-widget-container\">\n\t\t\t\t\t<div class=\"eael-call-to-action cta-basic bg-img cta-preset-1\">\n        <h2 class=\"title\">Online randevu <\/h2><a href=\"https:\/\/bursaerkekkuafor.com.tr\/index.php\/randevu\/\" class=\"cta-button  \">Hemen Al<\/a>\t<\/div>\n\t\t\t\t\t\t<\/div>\n\t\t\t\t<\/div>\n\t\t\t\t\t<\/div>\n\t\t\t\t<\/div>\n\t\t\t\t<\/div>\n\t\t\t\t\t<\/div>\n\t\t\t\t<\/div>\n\t\t\t\t\t\t\t<\/div>\n\t\t","protected":false},"excerpt":{"rendered":"<p>0-5 Ya\u015f Bebek Tra\u015f\u0131\u00c7ocuk Tra\u015f\u0131En hassas tra\u015flardan bebek ve \u00e7ocuk sa\u00e7 kesimlerinde bebe\u011fe ve \u00e7ocu\u011fa yakla\u015f\u0131m \u00e7ok \u00f6nemlidir. Psikolojik ve duygusal olmayan bir bebe\u011fe do\u011frudan tra\u015fa ge\u00e7mek ileriye y\u00f6nelik bebekte travmalara yol a\u00e7abilir. Bu y\u00fczden profesyonel bir yakla\u015f\u0131m \u00e7ok \u00f6nemli olmaktad\u0131r. Erdal Kara Hair Design olarak bu hassasiyetle konuya yakla\u015f\u0131yoruz.\u00a0 Online randevu Hemen Al<\/p>\n","protected":false},"author":1,"featured_media":0,"parent":0,"menu_order":0,"comment_status":"closed","ping_status":"closed","template":"page-templates\/template-pagebuilder-full-width.php","meta":{"_eb_attr":"","neve_meta_sidebar":"","neve_meta_container":"","neve_meta_enable_content_width":"","neve_meta_content_width":0,"neve_meta_title_alignment":"","neve_meta_author_avatar":"","neve_post_elements_order":"","neve_meta_disable_header":"","neve_meta_disable_footer":"","neve_meta_disable_title":"","_themeisle_gutenberg_block_has_review":false,"_ti_tpc_template_sync":false,"_ti_tpc_template_id":"","footnotes":"","_joinchat":[]},"_links":{"self":[{"href":"https:\/\/erdalkara.com.tr\/index.php\/wp-json\/wp\/v2\/pages\/826"}],"collection":[{"href":"https:\/\/erdalkara.com.tr\/index.php\/wp-json\/wp\/v2\/pages"}],"about":[{"href":"https:\/\/erdalkara.com.tr\/index.php\/wp-json\/wp\/v2\/types\/page"}],"author":[{"embeddable":true,"href":"https:\/\/erdalkara.com.tr\/index.php\/wp-json\/wp\/v2\/users\/1"}],"replies":[{"embeddable":true,"href":"https:\/\/erdalkara.com.tr\/index.php\/wp-json\/wp\/v2\/comments?post=826"}],"version-history":[{"count":19,"href":"https:\/\/erdalkara.com.tr\/index.php\/wp-json\/wp\/v2\/pages\/826\/revisions"}],"predecessor-version":[{"id":847,"href":"https:\/\/erdalkara.com.tr\/index.php\/wp-json\/wp\/v2\/pages\/826\/revisions\/847"}],"wp:attachment":[{"href":"https:\/\/erdalkara.com.tr\/index.php\/wp-json\/wp\/v2\/media?parent=826"}],"curies":[{"name":"wp","href":"https:\/\/api.w.org\/{rel}","templated":true}]}}